{"id":1725,"date":"2025-02-19T17:00:55","date_gmt":"2025-02-19T16:00:55","guid":{"rendered":"https:\/\/paratodalavidafilms.es\/?page_id=1725"},"modified":"2025-12-05T17:01:41","modified_gmt":"2025-12-05T16:01:41","slug":"preguntas-frecuentes","status":"publish","type":"page","link":"https:\/\/www.paratodalavidafilms.es\/index.php\/preguntas-frecuentes\/","title":{"rendered":"Faq"},"content":{"rendered":"\t\t<div data-elementor-type=\"wp-page\" data-elementor-id=\"1725\" class=\"elementor elementor-1725\">\n\t\t\t\t<div class=\"elementor-element elementor-element-8c194c7 e-flex e-con-boxed e-con e-parent\" data-id=\"8c194c7\" data-element_type=\"container\">\n\t\t\t\t\t<div class=\"e-con-inner\">\n\t\t\t\t\t<\/div>\n\t\t\t\t<\/div>\n\t\t<div class=\"elementor-element elementor-element-4caf534 e-flex e-con-boxed e-con e-parent\" data-id=\"4caf534\" data-element_type=\"container\">\n\t\t\t\t\t<div class=\"e-con-inner\">\n\t\t\t\t<div class=\"elementor-element elementor-element-e447e7b elementor-widget elementor-widget-shortcode\" data-id=\"e447e7b\" data-element_type=\"widget\" data-widget_type=\"shortcode.default\">\n\t\t\t\t<div class=\"elementor-widget-container\">\n\t\t\t\t\t\t\t<div class=\"elementor-shortcode\">\n\n<style>#sp-ea-1731 .spcollapsing { height: 0; overflow: hidden; transition-property: height;transition-duration: 300ms;}#sp-ea-1731.sp-easy-accordion>.sp-ea-single {margin-bottom: 10px; border: 1px solid #e2e2e2; }#sp-ea-1731.sp-easy-accordion>.sp-ea-single>.ea-header a {color: #444;}#sp-ea-1731.sp-easy-accordion>.sp-ea-single>.sp-collapse>.ea-body {background: #fff; color: #444;}#sp-ea-1731.sp-easy-accordion>.sp-ea-single {background: #eee;}#sp-ea-1731.sp-easy-accordion>.sp-ea-single>.ea-header a .ea-expand-icon { float: left; color: #444;font-size: 16px;}<\/style><div id=\"sp_easy_accordion-1739979289\"><div id=\"sp-ea-1731\" class=\"sp-ea-one sp-easy-accordion\" data-ea-active=\"ea-click\" data-ea-mode=\"vertical\" data-preloader=\"\" data-scroll-active-item=\"\" data-offset-to-scroll=\"0\"><div class=\"ea-card ea-expand sp-ea-single\"><h3 class=\"ea-header\"><a class=\"collapsed\" id=\"ea-header-17310\" role=\"button\" data-sptoggle=\"spcollapse\" data-sptarget=\"#collapse17310\" aria-controls=\"collapse17310\" href=\"#\" aria-expanded=\"true\" tabindex=\"0\"><i aria-hidden=\"true\" role=\"presentation\" class=\"ea-expand-icon eap-icon-ea-expand-minus\"><\/i> \u00bfTrabajas solo?<\/a><\/h3><div class=\"sp-collapse spcollapse collapsed show\" id=\"collapse17310\" data-parent=\"#sp-ea-1731\" role=\"region\" aria-labelledby=\"ea-header-17310\"> <div class=\"ea-body\"><p data-start=\"185\" data-end=\"585\">En su mayor\u00eda, s\u00ed, aunque suelo colaborar de manera ocasional con <a href=\"https:\/\/amordelbuenofotografia.com\"><em data-start=\"251\" data-end=\"265\">Amordelbueno<\/em><\/a>, un equipo creativo con el que comparto valores y estilo. Sin embargo, para las bodas de destino, generalmente soy yo quien se encarga de todo el proceso, desde la grabaci\u00f3n hasta la edici\u00f3n final. Esto me permite tener un control total sobre cada detalle y garantizar que el resultado sea exactamente como lo imaginas.<\/p><p data-start=\"587\" data-end=\"898\">Llevo dos c\u00e1maras, drones y micr\u00f3fonos externos para asegurar que cada momento sea capturado con la m\u00e1xima calidad, y todos mis videos se graban en 4K. Aparte de la grabaci\u00f3n, soy yo mismo quien se encarga de la edici\u00f3n de todos los videos, asegur\u00e1ndome de que cada historia se cuente de manera \u00fanica y emotiva.<\/p><p data-start=\"900\" data-end=\"1045\">Si alguna vez necesitas m\u00e1s personas involucradas, no dudes en dec\u00edrmelo y estar\u00e9 encantado de coordinar la colaboraci\u00f3n con otros profesionales.<\/p><\/div><\/div><\/div><div class=\"ea-card sp-ea-single\"><h3 class=\"ea-header\"><a class=\"collapsed\" id=\"ea-header-17311\" role=\"button\" data-sptoggle=\"spcollapse\" data-sptarget=\"#collapse17311\" aria-controls=\"collapse17311\" href=\"#\" aria-expanded=\"false\" tabindex=\"0\"><i aria-hidden=\"true\" role=\"presentation\" class=\"ea-expand-icon eap-icon-ea-expand-plus\"><\/i> \u00bfCu\u00e1nto cuesta un video de boda?<\/a><\/h3><div class=\"sp-collapse spcollapse \" id=\"collapse17311\" data-parent=\"#sp-ea-1731\" role=\"region\" aria-labelledby=\"ea-header-17311\"> <div class=\"ea-body\"><p data-start=\"201\" data-end=\"590\">Nuestros precios se adaptan completamente a tus necesidades y a la visi\u00f3n que tienes para tu boda. Nos apasiona capturar la esencia y las emociones de tu d\u00eda especial, y siempre ponemos nuestro coraz\u00f3n en cada filmaci\u00f3n. Sabemos que el presupuesto es un aspecto importante, por lo que trabajamos para ofrecerte un servicio que se ajuste a lo que realmente deseas para tu boda.<\/p><p data-start=\"592\" data-end=\"856\">Los precios de nuestros paquetes para bodas de destino comienzan desde 999 \u20ac m\u00e1s IVA. Sin embargo, lo mejor es reservar una cita para conocernos, hablar sobre tus ideas y asegurarnos de que el servicio que elijas sea exactamente lo que necesitas para tu gran d\u00eda.<\/p><p data-start=\"858\" data-end=\"1004\">Si deseas m\u00e1s detalles sobre los diferentes paquetes que ofrecemos, no dudes en ponerte en contacto con nosotros a trav\u00e9s del formulario de abajo.<\/p><\/div><\/div><\/div><div class=\"ea-card sp-ea-single\"><h3 class=\"ea-header\"><a class=\"collapsed\" id=\"ea-header-17312\" role=\"button\" data-sptoggle=\"spcollapse\" data-sptarget=\"#collapse17312\" aria-controls=\"collapse17312\" href=\"#\" aria-expanded=\"false\" tabindex=\"0\"><i aria-hidden=\"true\" role=\"presentation\" class=\"ea-expand-icon eap-icon-ea-expand-plus\"><\/i> \u00bfC\u00f3mo trabajas el d\u00eda de la boda?<\/a><\/h3><div class=\"sp-collapse spcollapse \" id=\"collapse17312\" data-parent=\"#sp-ea-1731\" role=\"region\" aria-labelledby=\"ea-header-17312\"> <div class=\"ea-body\"><p data-start=\"2340\" data-end=\"2724\">Mi objetivo es que no te sientas inc\u00f3modo en ning\u00fan momento. A menudo, mis parejas me dicen que piensan que soy solo un amigo m\u00e1s entre los invitados, porque siempre trato de ser discreto y emp\u00e1tico con todos. Trabajo con un enfoque natural y relajado, sin interrumpir el flujo del d\u00eda, cubriendo desde los preparativos hasta aproximadamente una hora despu\u00e9s de que empiece el baile.<\/p><p data-start=\"2726\" data-end=\"2760\"><\/div><\/div><\/div><div class=\"ea-card sp-ea-single\"><h3 class=\"ea-header\"><a class=\"collapsed\" id=\"ea-header-17313\" role=\"button\" data-sptoggle=\"spcollapse\" data-sptarget=\"#collapse17313\" aria-controls=\"collapse17313\" href=\"#\" aria-expanded=\"false\" tabindex=\"0\"><i aria-hidden=\"true\" role=\"presentation\" class=\"ea-expand-icon eap-icon-ea-expand-plus\"><\/i> \u00bfQu\u00e9 ofreces en tus servicios?<\/a><\/h3><div class=\"sp-collapse spcollapse \" id=\"collapse17313\" data-parent=\"#sp-ea-1731\" role=\"region\" aria-labelledby=\"ea-header-17313\"> <div class=\"ea-body\"><p data-start=\"174\" data-end=\"395\">Lo que m\u00e1s valoro es entregar una historia \u00fanica y aut\u00e9ntica de tu d\u00eda. No se trata solo de grabar minutos o hacer fotos; se trata de capturar la esencia de lo que ocurri\u00f3 y de c\u00f3mo se sintieron cada uno de los momentos.<\/p><p data-start=\"397\" data-end=\"566\">Ofrecemos varios formatos que se ajustan a diferentes deseos y estilos, todos con un enfoque cinematogr\u00e1fico que te har\u00e1 revivir tu boda de una forma emotiva y especial:<\/p><ul data-start=\"568\" data-end=\"1936\"><li data-start=\"568\" data-end=\"855\"><p data-start=\"570\" data-end=\"855\"><strong data-start=\"570\" data-end=\"587\">CINE DE BODAS<\/strong><br data-start=\"587\" data-end=\"590\" \/>Transformamos el video de tu boda en una aut\u00e9ntica historia de amor con un toque cinematogr\u00e1fico. Ideal para quienes desean revivir cada momento de manera extensa y profunda.<br data-start=\"764\" data-end=\"767\" \/><strong data-start=\"769\" data-end=\"782\">Duraci\u00f3n:<\/strong> 15-20 minutos.<br data-start=\"797\" data-end=\"800\" \/><strong data-start=\"802\" data-end=\"814\">Tr\u00e1iler:<\/strong> 1 minuto.<br data-start=\"824\" data-end=\"827\" \/><strong data-start=\"829\" data-end=\"840\">Precio:<\/strong> 1.350\u20ac + IVA<\/p><\/li><li data-start=\"857\" data-end=\"1185\"><p data-start=\"859\" data-end=\"1185\"><strong data-start=\"859\" data-end=\"880\">VIDEOCLIP NUPCIAL<\/strong><br data-start=\"880\" data-end=\"883\" \/>Dale a tu boda un toque musical \u00fanico. Este formato convierte los momentos m\u00e1s emotivos en un videoclip inspirado en la canci\u00f3n que elijas, manteniendo un estilo cinematogr\u00e1fico, pero de manera m\u00e1s breve y din\u00e1mica.<br data-start=\"1098\" data-end=\"1101\" \/><strong data-start=\"1103\" data-end=\"1116\">Duraci\u00f3n:<\/strong> 3-5 minutos.<br data-start=\"1129\" data-end=\"1132\" \/><strong data-start=\"1134\" data-end=\"1146\">Resumen:<\/strong> 1 minuto.<br data-start=\"1156\" data-end=\"1159\" \/><strong data-start=\"1161\" data-end=\"1172\">Precio:<\/strong> 999\u20ac + IVA<\/p><\/li><li data-start=\"1187\" data-end=\"1527\"><p data-start=\"1189\" data-end=\"1527\"><strong data-start=\"1189\" data-end=\"1210\">MATERIAL COMPLETO<\/strong><br data-start=\"1210\" data-end=\"1213\" \/>Si deseas conservar hasta el \u00faltimo detalle, te ofrecemos la posibilidad de recibir todo el contenido grabado durante el evento. Lo entregamos en archivos individuales o como un conjunto completo, adaptado a tus preferencias.<br data-start=\"1438\" data-end=\"1441\" \/><strong data-start=\"1443\" data-end=\"1456\">Duraci\u00f3n:<\/strong> 10-12 minutos.<br data-start=\"1471\" data-end=\"1474\" \/><strong data-start=\"1476\" data-end=\"1488\">Tr\u00e1iler:<\/strong> 1 minuto.<br data-start=\"1498\" data-end=\"1501\" \/><strong data-start=\"1503\" data-end=\"1514\">Precio:<\/strong> 200\u20ac + IVA<\/p><\/li><li data-start=\"1529\" data-end=\"1936\"><p data-start=\"1531\" data-end=\"1936\"><strong data-start=\"1531\" data-end=\"1550\">CINE DE PREBODA<\/strong><br data-start=\"1550\" data-end=\"1553\" \/>Inmortaliza m\u00e1s momentos especiales con una sesi\u00f3n de 3 horas de grabaci\u00f3n, dise\u00f1ada para complementar tu historia. Este material puede integrarse en el video principal como flashbacks o adelantos, o presentarse como un video independiente, siempre con el estilo cinematogr\u00e1fico que har\u00e1 que tu boda sea un recuerdo \u00fanico.<br data-start=\"1875\" data-end=\"1878\" \/><strong data-start=\"1880\" data-end=\"1893\">Duraci\u00f3n:<\/strong> 5-10 minutos.<br data-start=\"1907\" data-end=\"1910\" \/><strong data-start=\"1912\" data-end=\"1923\">Precio:<\/strong> 499\u20ac + IVA<\/p><\/li><\/ul><p data-start=\"1938\" data-end=\"2200\">Cada paquete est\u00e1 dise\u00f1ado para capturar los momentos m\u00e1s significativos y darte una experiencia visual inigualable. Si tu boda es m\u00e1s grande o tiene varios d\u00edas, como las bodas tradicionales indias, podemos adaptarnos para ofrecerte una propuesta personalizada.<\/p><\/div><\/div><\/div><div class=\"ea-card sp-ea-single\"><h3 class=\"ea-header\"><a class=\"collapsed\" id=\"ea-header-17314\" role=\"button\" data-sptoggle=\"spcollapse\" data-sptarget=\"#collapse17314\" aria-controls=\"collapse17314\" href=\"#\" aria-expanded=\"false\" tabindex=\"0\"><i aria-hidden=\"true\" role=\"presentation\" class=\"ea-expand-icon eap-icon-ea-expand-plus\"><\/i> \u00bfC\u00f3mo podemos contactarte?<\/a><\/h3><div class=\"sp-collapse spcollapse \" id=\"collapse17314\" data-parent=\"#sp-ea-1731\" role=\"region\" aria-labelledby=\"ea-header-17314\"> <div class=\"ea-body\"><p data-start=\"124\" data-end=\"416\">Lo m\u00e1s sencillo y efectivo es ponerte en contacto conmigo a trav\u00e9s de WhatsApp, rellenando el formulario en nuestra p\u00e1gina, o llam\u00e1ndome directamente al <strong data-start=\"277\" data-end=\"292\">658 788 220<\/strong>. Me encanta poder hablar contigo de forma cercana para conocer tus expectativas y los detalles que hacen \u00fanico tu gran d\u00eda.<\/p><p data-start=\"418\" data-end=\"827\">Te recomiendo que agendemos una cita, ya sea por videollamada o en persona, para conocernos mejor y poder hablar con m\u00e1s detalle sobre lo que deseas para tu boda. La mejor manera de asegurarnos de que todo salga perfecto es conectarnos y compartir ideas en un ambiente relajado, donde te sentir\u00e1s completamente a gusto. Adem\u00e1s, estoy aqu\u00ed para ayudarte a que todo sea una experiencia emocionante y sin estr\u00e9s.<\/p><p data-start=\"829\" data-end=\"909\">Estoy deseando saber m\u00e1s sobre tu historia y ser parte de este d\u00eda tan especial.<\/p><\/div><\/div><\/div><div class=\"ea-card sp-ea-single\"><h3 class=\"ea-header\"><a class=\"collapsed\" id=\"ea-header-17315\" role=\"button\" data-sptoggle=\"spcollapse\" data-sptarget=\"#collapse17315\" aria-controls=\"collapse17315\" href=\"#\" aria-expanded=\"false\" tabindex=\"0\"><i aria-hidden=\"true\" role=\"presentation\" class=\"ea-expand-icon eap-icon-ea-expand-plus\"><\/i> \u00bfC\u00f3mo reservamos tus servicios?<\/a><\/h3><div class=\"sp-collapse spcollapse \" id=\"collapse17315\" data-parent=\"#sp-ea-1731\" role=\"region\" aria-labelledby=\"ea-header-17315\"> <div class=\"ea-body\"><p>Solo tienes que completar el formulario de contacto o escribirnos en la secci\u00f3n de contacto cuando est\u00e9s listo para que nos encarguemos de tu videograf\u00eda y\/o fotograf\u00eda de boda. Una vez que hayamos conversado y estemos alineados con lo que deseas, firmamos un contrato sencillo y se realiza un dep\u00f3sito del 20%. \u00a1Y ya est\u00e1!<\/p><\/div><\/div><\/div><div class=\"ea-card sp-ea-single\"><h3 class=\"ea-header\"><a class=\"collapsed\" id=\"ea-header-17316\" role=\"button\" data-sptoggle=\"spcollapse\" data-sptarget=\"#collapse17316\" aria-controls=\"collapse17316\" href=\"#\" aria-expanded=\"false\" tabindex=\"0\"><i aria-hidden=\"true\" role=\"presentation\" class=\"ea-expand-icon eap-icon-ea-expand-plus\"><\/i> \u00bfPodemos tener una sesi\u00f3n de pareja antes de la boda?<\/a><\/h3><div class=\"sp-collapse spcollapse \" id=\"collapse17316\" data-parent=\"#sp-ea-1731\" role=\"region\" aria-labelledby=\"ea-header-17316\"> <div class=\"ea-body\"><p>\u00a1Claro! Podemos organizar una sesi\u00f3n en pareja d\u00edas antes de la boda. Esto es una excelente oportunidad para crear recuerdos personales y relajados antes del gran d\u00eda. Tambi\u00e9n existe la opci\u00f3n de realizar una peque\u00f1a sesi\u00f3n en otro destino antes de la boda para capturar momentos especiales que puedas compartir con tus invitados durante la celebraci\u00f3n.<\/p><\/div><\/div><\/div><div class=\"ea-card sp-ea-single\"><h3 class=\"ea-header\"><a class=\"collapsed\" id=\"ea-header-17317\" role=\"button\" data-sptoggle=\"spcollapse\" data-sptarget=\"#collapse17317\" aria-controls=\"collapse17317\" href=\"#\" aria-expanded=\"false\" tabindex=\"0\"><i aria-hidden=\"true\" role=\"presentation\" class=\"ea-expand-icon eap-icon-ea-expand-plus\"><\/i> \u00bfCon cu\u00e1nta antelaci\u00f3n debemos contratar?<\/a><\/h3><div class=\"sp-collapse spcollapse \" id=\"collapse17317\" data-parent=\"#sp-ea-1731\" role=\"region\" aria-labelledby=\"ea-header-17317\"> <div class=\"ea-body\"><p>Lo antes posible, realizo entre 20 y 25 bodas al a\u00f1o, por lo que las fechas se ocupan pronto.<\/p><\/div><\/div><\/div><div class=\"ea-card sp-ea-single\"><h3 class=\"ea-header\"><a class=\"collapsed\" id=\"ea-header-17318\" role=\"button\" data-sptoggle=\"spcollapse\" data-sptarget=\"#collapse17318\" aria-controls=\"collapse17318\" href=\"#\" aria-expanded=\"false\" tabindex=\"0\"><i aria-hidden=\"true\" role=\"presentation\" class=\"ea-expand-icon eap-icon-ea-expand-plus\"><\/i> \u00bfMe desplazo a otras ciudades?<\/a><\/h3><div class=\"sp-collapse spcollapse \" id=\"collapse17318\" data-parent=\"#sp-ea-1731\" role=\"region\" aria-labelledby=\"ea-header-17318\"> <div class=\"ea-body\"><p data-start=\"19\" data-end=\"276\">\u00a1Por supuesto! Me encanta viajar y descubrir nuevos lugares, por lo que no tengo ning\u00fan problema en desplazarme por toda Espa\u00f1a y el extranjero para capturar tu boda. Para asegurarme de que todo salga perfecto, aplico algunas condiciones seg\u00fan la distancia.<\/p><ul data-start=\"278\" data-end=\"796\"><li data-start=\"278\" data-end=\"408\"><strong data-start=\"280\" data-end=\"307\">Desplazamiento gratuito<\/strong>: Para bodas dentro de un radio de 150 km desde Zaragoza, el desplazamiento es totalmente gratuito.<\/li><li data-start=\"409\" data-end=\"796\"><strong data-start=\"411\" data-end=\"436\">Bodas fuera de 150 km<\/strong>: Si el destino est\u00e1 a m\u00e1s de 150 km, se cobrar\u00e1 un coste adicional por kilometraje, que se ajusta a las tarifas est\u00e1ndar de transporte. Adem\u00e1s, si el evento est\u00e1 fuera de Zaragoza y requiere pasar la noche, se pedir\u00e1 una reserva de habitaci\u00f3n de hotel para garantizar que pueda descansar adecuadamente antes de capturar los momentos m\u00e1s importantes de tu d\u00eda.<\/li><\/ul><p data-start=\"798\" data-end=\"965\">No dudes en contactarme para detalles sobre los costes y condiciones de desplazamiento seg\u00fan tu ubicaci\u00f3n. \u00a1Estoy encantado de poder acompa\u00f1arte en cualquier destino!<\/p><\/div><\/div><\/div><div class=\"ea-card sp-ea-single\"><h3 class=\"ea-header\"><a class=\"collapsed\" id=\"ea-header-17319\" role=\"button\" data-sptoggle=\"spcollapse\" data-sptarget=\"#collapse17319\" aria-controls=\"collapse17319\" href=\"#\" aria-expanded=\"false\" tabindex=\"0\"><i aria-hidden=\"true\" role=\"presentation\" class=\"ea-expand-icon eap-icon-ea-expand-plus\"><\/i> \u00bfCuando estar\u00e1 nuestro video?<\/a><\/h3><div class=\"sp-collapse spcollapse \" id=\"collapse17319\" data-parent=\"#sp-ea-1731\" role=\"region\" aria-labelledby=\"ea-header-17319\"> <div class=\"ea-body\"><p data-start=\"43\" data-end=\"432\">La edici\u00f3n de los videos es un proceso complejo y laborioso, pero mi objetivo es que os emocion\u00e9is con cada imagen y sonido, porque s\u00e9 lo importante que es este d\u00eda para todos. Para garantizar una experiencia cuidada y \u00fanica, el tiempo habitual de entrega es entre <strong data-start=\"308\" data-end=\"332\">cuatro y siete meses<\/strong> despu\u00e9s de la boda, dependiendo de la fecha en que os cas\u00e9is y la carga de trabajo en ese momento.<\/p><p data-start=\"434\" data-end=\"680\">Sin embargo, siempre me esfuerzo por ofrecer una entrega r\u00e1pida y de alta calidad. Por ello, <strong data-start=\"527\" data-end=\"603\">garantizo la entrega de vuestro video final en un plazo m\u00e1ximo de un mes<\/strong> si se trata de un evento m\u00e1s sencillo o en una temporada con menos trabajo.<\/p><p data-start=\"682\" data-end=\"818\">Cada historia es \u00fanica, y me tomo el tiempo necesario para que cada detalle sea perfecto. \u00a1Estoy seguro de que la espera valdr\u00e1 la pena!<\/p><\/div><\/div><\/div><\/div><\/div><\/div>\n\t\t\t\t\t\t<\/div>\n\t\t\t\t<\/div>\n\t\t\t\t\t<\/div>\n\t\t\t\t<\/div>\n\t\t\t\t<\/div>\n\t\t","protected":false},"excerpt":{"rendered":"","protected":false},"author":1,"featured_media":0,"parent":0,"menu_order":0,"comment_status":"closed","ping_status":"closed","template":"","meta":{"_acf_changed":false,"footnotes":""},"class_list":["post-1725","page","type-page","status-publish","hentry"],"acf":[],"_links":{"self":[{"href":"https:\/\/www.paratodalavidafilms.es\/index.php\/wp-json\/wp\/v2\/pages\/1725","targetHints":{"allow":["GET"]}}],"collection":[{"href":"https:\/\/www.paratodalavidafilms.es\/index.php\/wp-json\/wp\/v2\/pages"}],"about":[{"href":"https:\/\/www.paratodalavidafilms.es\/index.php\/wp-json\/wp\/v2\/types\/page"}],"author":[{"embeddable":true,"href":"https:\/\/www.paratodalavidafilms.es\/index.php\/wp-json\/wp\/v2\/users\/1"}],"replies":[{"embeddable":true,"href":"https:\/\/www.paratodalavidafilms.es\/index.php\/wp-json\/wp\/v2\/comments?post=1725"}],"version-history":[{"count":12,"href":"https:\/\/www.paratodalavidafilms.es\/index.php\/wp-json\/wp\/v2\/pages\/1725\/revisions"}],"predecessor-version":[{"id":2080,"href":"https:\/\/www.paratodalavidafilms.es\/index.php\/wp-json\/wp\/v2\/pages\/1725\/revisions\/2080"}],"wp:attachment":[{"href":"https:\/\/www.paratodalavidafilms.es\/index.php\/wp-json\/wp\/v2\/media?parent=1725"}],"curies":[{"name":"wp","href":"https:\/\/api.w.org\/{rel}","templated":true}]}}